{"id":49027,"date":"2025-09-09T18:06:04","date_gmt":"2025-09-09T18:06:04","guid":{"rendered":"https:\/\/www.imaginoagencia.com\/clientes\/lander2025\/?post_type=product&#038;p=49027"},"modified":"2025-09-09T18:06:09","modified_gmt":"2025-09-09T18:06:09","slug":"esmalte-gris-46p","status":"publish","type":"product","link":"https:\/\/www.imaginoagencia.com\/clientes\/lander2025\/producto\/esmalte-gris-46p\/","title":{"rendered":"Esmalte Gris 46P"},"content":{"rendered":"","protected":false},"excerpt":{"rendered":"<p>Duraci\u00f3n: Son esmaltes de larga duraci\u00f3n, si deseas prolongarla, aplica una capa de Brillo Secante FC LANDER, el cual cuenta con formadores de pel\u00edcula y plastificantes.<br \/>\nSe encuentran en una amplia gama de colores, pasando por los cl\u00e1sicos, glamour, pasteles y trendy. Los hay translucidos, cremosos, perlados y fluorescentes.<br \/>\nCubrimiento: Brindan un color uniforme con solo 2 capas<br \/>\nSecado: Tienen secado r\u00e1pido, facilitando que est\u00e9s lista en poco tiempo<br \/>\nBrocha \/ Pincel: Es plana para facilitar el cubrimiento en toda la u\u00f1a.<br \/>\nFive Free: NO contienen Dibutyl Phthalate, Tolueno, Formaldehido, Alcanfor ni compuestos libres de resinas donadoras de formaldehido, las cuales son t\u00f3xicas y est\u00e1n prohibidas por las entidades reguladoras.<\/p>\n","protected":false},"featured_media":48743,"template":"","meta":[],"product_brand":[],"product_cat":[250],"product_tag":[],"class_list":{"0":"post-49027","1":"product","2":"type-product","3":"status-publish","4":"has-post-thumbnail","6":"product_cat-perlados","7":"pa_color-gris","8":"description-off","10":"first","11":"instock","12":"taxable","13":"shipping-taxable","14":"purchasable","15":"product-type-simple"},"_links":{"self":[{"href":"https:\/\/www.imaginoagencia.com\/clientes\/lander2025\/wp-json\/wp\/v2\/product\/49027","targetHints":{"allow":["GET"]}}],"collection":[{"href":"https:\/\/www.imaginoagencia.com\/clientes\/lander2025\/wp-json\/wp\/v2\/product"}],"about":[{"href":"https:\/\/www.imaginoagencia.com\/clientes\/lander2025\/wp-json\/wp\/v2\/types\/product"}],"wp:featuredmedia":[{"embeddable":true,"href":"https:\/\/www.imaginoagencia.com\/clientes\/lander2025\/wp-json\/wp\/v2\/media\/48743"}],"wp:attachment":[{"href":"https:\/\/www.imaginoagencia.com\/clientes\/lander2025\/wp-json\/wp\/v2\/media?parent=49027"}],"wp:term":[{"taxonomy":"product_brand","embeddable":true,"href":"https:\/\/www.imaginoagencia.com\/clientes\/lander2025\/wp-json\/wp\/v2\/product_brand?post=49027"},{"taxonomy":"product_cat","embeddable":true,"href":"https:\/\/www.imaginoagencia.com\/clientes\/lander2025\/wp-json\/wp\/v2\/product_cat?post=49027"},{"taxonomy":"product_tag","embeddable":true,"href":"https:\/\/www.imaginoagencia.com\/clientes\/lander2025\/wp-json\/wp\/v2\/product_tag?post=49027"}],"curies":[{"name":"wp","href":"https:\/\/api.w.org\/{rel}","templated":true}]}}