{"id":48977,"date":"2025-09-09T18:05:40","date_gmt":"2025-09-09T18:05:40","guid":{"rendered":"https:\/\/www.imaginoagencia.com\/clientes\/lander2025\/?post_type=product&#038;p=48977"},"modified":"2025-09-09T18:05:48","modified_gmt":"2025-09-09T18:05:48","slug":"crema-lander-piel-extra-seca","status":"publish","type":"product","link":"https:\/\/www.imaginoagencia.com\/clientes\/lander2025\/producto\/crema-lander-piel-extra-seca\/","title":{"rendered":"CREMA LANDER PIEL EXTRA SECA"},"content":{"rendered":"<ul>\n<li>\u00a0Contiene <strong>Vitamina A<\/strong>\u00a0que nutre y estimula el crecimiento de las c\u00e9lulas en tu piel, mejorando su apariencia<\/li>\n<li>\u00a0Contiene <strong>Vitamina E<\/strong> que a trav\u00e9s de sus antioxidantes ayudan a proteger tu piel contra los radicales libres<\/li>\n<li>Ayuda a prevenir el envejecimiento en tu piel producido por los rayos solares y la contaminaci\u00f3n ambiental<\/li>\n<li>Contiene <strong>Dimeticona<\/strong> que ayuda a cuidar la piel extraseca, humect\u00e1ndola y reduciendo asperezas.<\/li>\n<li>Contiene<strong> Extracto de Salvia<\/strong> el cual act\u00faa como cicatrizante.<\/li>\n<li>Ayuda a mantener joven tu piel<\/li>\n<li>Te brinda una sensaci\u00f3n fresca<\/li>\n<li>Es de r\u00e1pida absorci\u00f3n<\/li>\n<\/ul>\n<p>La crema <strong>LANDER PIEL EXTRASECA<\/strong> contiene\u00a0<b>Vitamina A <\/b>y<b> Vitamina E <\/b>que ayudan a<b>\u00a0<\/b>recuperar el aspecto y textura de tu piel; este producto es especialmente formulado para el cuidado de la piel extra seca, reduciendo las asperezas.<\/p>\n<h5><strong>Instrucciones de uso:<\/strong><\/h5>\n<p>Con suaves masajes apl\u00edcala diariamente despu\u00e9s del ba\u00f1o, durante el d\u00eda, o cuantas veces lo creas necesario en tu cuerpo y manos; se esparce uniformemente en la piel dej\u00e1ndotela suave y delicadamente humectada.<\/p>\n<p>&nbsp;<\/p>\n","protected":false},"excerpt":{"rendered":"<p>\u00a0Contiene Vitamina A\u00a0que nutre y estimula el crecimiento de las c\u00e9lulas en tu piel, mejorando su apariencia \u00a0Contiene Vitamina E que a trav\u00e9s de sus antioxidantes ayudan a proteger tu piel contra los radicales libres Ayuda a prevenir el envejecimiento en tu piel producido por los rayos solares y la contaminaci\u00f3n ambiental Contiene Dimeticona que&hellip;<\/p>\n","protected":false},"featured_media":48733,"template":"","meta":[],"product_brand":[],"product_cat":[247],"product_tag":[],"class_list":{"0":"post-48977","1":"product","2":"type-product","3":"status-publish","4":"has-post-thumbnail","6":"product_cat-cuidado-corporal","7":"description-off","9":"first","10":"outofstock","11":"taxable","12":"shipping-taxable","13":"product-type-variable","14":"has-default-attributes"},"_links":{"self":[{"href":"https:\/\/www.imaginoagencia.com\/clientes\/lander2025\/wp-json\/wp\/v2\/product\/48977","targetHints":{"allow":["GET"]}}],"collection":[{"href":"https:\/\/www.imaginoagencia.com\/clientes\/lander2025\/wp-json\/wp\/v2\/product"}],"about":[{"href":"https:\/\/www.imaginoagencia.com\/clientes\/lander2025\/wp-json\/wp\/v2\/types\/product"}],"wp:featuredmedia":[{"embeddable":true,"href":"https:\/\/www.imaginoagencia.com\/clientes\/lander2025\/wp-json\/wp\/v2\/media\/48733"}],"wp:attachment":[{"href":"https:\/\/www.imaginoagencia.com\/clientes\/lander2025\/wp-json\/wp\/v2\/media?parent=48977"}],"wp:term":[{"taxonomy":"product_brand","embeddable":true,"href":"https:\/\/www.imaginoagencia.com\/clientes\/lander2025\/wp-json\/wp\/v2\/product_brand?post=48977"},{"taxonomy":"product_cat","embeddable":true,"href":"https:\/\/www.imaginoagencia.com\/clientes\/lander2025\/wp-json\/wp\/v2\/product_cat?post=48977"},{"taxonomy":"product_tag","embeddable":true,"href":"https:\/\/www.imaginoagencia.com\/clientes\/lander2025\/wp-json\/wp\/v2\/product_tag?post=48977"}],"curies":[{"name":"wp","href":"https:\/\/api.w.org\/{rel}","templated":true}]}}