{"id":48916,"date":"2025-09-09T18:05:08","date_gmt":"2025-09-09T18:05:08","guid":{"rendered":"https:\/\/www.imaginoagencia.com\/clientes\/lander2025\/?post_type=product&#038;p=48916"},"modified":"2025-09-09T18:05:13","modified_gmt":"2025-09-09T18:05:13","slug":"crema-lander-piel-sensible","status":"publish","type":"product","link":"https:\/\/www.imaginoagencia.com\/clientes\/lander2025\/producto\/crema-lander-piel-sensible\/","title":{"rendered":"CREMA LANDER PIEL SENSIBLE"},"content":{"rendered":"<ul>\n<li><strong>Es Hipoal\u00e9rgenica<\/strong><\/li>\n<li><strong>Esta Dermatol\u00f3gicamente Aprobada<\/strong><\/li>\n<li><strong>Libre\u00a0fragancia<\/strong><\/li>\n<li>No contiene Lanolina<\/li>\n<li>Libre de colorantes<\/li>\n<li>Se absorbe r\u00e1pidamente<\/li>\n<li>No te deja sensaci\u00f3n grasosa<\/li>\n<li>Mantiene la humectaci\u00f3n de tu piel por muchas horas<\/li>\n<li><strong>pH neutro<\/strong><\/li>\n<\/ul>\n<p>La crema <strong>LANDER PIEL SENSIBLE<\/strong> mantiene tu piel humectada por mucho tiempo, no te deja sensaci\u00f3n grasosa, tiene PH neutro, es libre de fragancia, y ademas es <strong>Cl\u00ednicamente Aprobada<\/strong> <strong>e Hipoalerg\u00e9nica.<\/strong><\/p>\n<h5><strong>INSTRUCCIONES DE USO:<\/strong><\/h5>\n<p>Con suaves masajes apl\u00edcala diariamente despu\u00e9s del ba\u00f1o, durante el d\u00eda, o cuantas veces lo creas necesario en tu cuerpo y manos; se esparce uniformemente en la piel dej\u00e1ndotela suave y delicadamente humectada.<\/p>\n","protected":false},"excerpt":{"rendered":"<p>Es Hipoal\u00e9rgenica Esta Dermatol\u00f3gicamente Aprobada Libre\u00a0fragancia No contiene Lanolina Libre de colorantes Se absorbe r\u00e1pidamente No te deja sensaci\u00f3n grasosa Mantiene la humectaci\u00f3n de tu piel por muchas horas pH neutro La crema LANDER PIEL SENSIBLE mantiene tu piel humectada por mucho tiempo, no te deja sensaci\u00f3n grasosa, tiene PH neutro, es libre de fragancia,&hellip;<\/p>\n","protected":false},"featured_media":48681,"template":"","meta":[],"product_brand":[],"product_cat":[247],"product_tag":[],"class_list":{"0":"post-48916","1":"product","2":"type-product","3":"status-publish","4":"has-post-thumbnail","6":"product_cat-cuidado-corporal","7":"description-off","9":"first","10":"instock","11":"taxable","12":"shipping-taxable","13":"product-type-variable","14":"has-default-attributes"},"_links":{"self":[{"href":"https:\/\/www.imaginoagencia.com\/clientes\/lander2025\/wp-json\/wp\/v2\/product\/48916","targetHints":{"allow":["GET"]}}],"collection":[{"href":"https:\/\/www.imaginoagencia.com\/clientes\/lander2025\/wp-json\/wp\/v2\/product"}],"about":[{"href":"https:\/\/www.imaginoagencia.com\/clientes\/lander2025\/wp-json\/wp\/v2\/types\/product"}],"wp:featuredmedia":[{"embeddable":true,"href":"https:\/\/www.imaginoagencia.com\/clientes\/lander2025\/wp-json\/wp\/v2\/media\/48681"}],"wp:attachment":[{"href":"https:\/\/www.imaginoagencia.com\/clientes\/lander2025\/wp-json\/wp\/v2\/media?parent=48916"}],"wp:term":[{"taxonomy":"product_brand","embeddable":true,"href":"https:\/\/www.imaginoagencia.com\/clientes\/lander2025\/wp-json\/wp\/v2\/product_brand?post=48916"},{"taxonomy":"product_cat","embeddable":true,"href":"https:\/\/www.imaginoagencia.com\/clientes\/lander2025\/wp-json\/wp\/v2\/product_cat?post=48916"},{"taxonomy":"product_tag","embeddable":true,"href":"https:\/\/www.imaginoagencia.com\/clientes\/lander2025\/wp-json\/wp\/v2\/product_tag?post=48916"}],"curies":[{"name":"wp","href":"https:\/\/api.w.org\/{rel}","templated":true}]}}