{"id":48895,"date":"2025-09-09T18:04:55","date_gmt":"2025-09-09T18:04:55","guid":{"rendered":"https:\/\/www.imaginoagencia.com\/clientes\/lander2025\/?post_type=product&#038;p=48895"},"modified":"2025-09-09T18:05:02","modified_gmt":"2025-09-09T18:05:02","slug":"gel-antibacterial-lander","status":"publish","type":"product","link":"https:\/\/www.imaginoagencia.com\/clientes\/lander2025\/producto\/gel-antibacterial-lander\/","title":{"rendered":"GEL ANTIBACTERIAL LANDER"},"content":{"rendered":"<p>El nuevo <strong>Gel Antibacterial LANDER<\/strong> te protege gracias a su exclusiva formula con 63% de Alcohol. Elimina el 99% de las bacterias y no deja sensaci\u00f3n pegajosa en tus manos, garantizando una r\u00e1pida desinfecci\u00f3n, gracias a su acci\u00f3n desinfectante y antis\u00e9ptica comprobada. No posee Triclosan.<\/p>\n<h5><strong>INSTRUCCIONES DE USO:<\/strong><\/h5>\n<p>El Gel Antibacterial de LANDER es de uso pr\u00e1ctico y sencillo en sus nuevas presentaciones, limpia sus manos sin necesidad de agua, jab\u00f3n o toallas.<\/p>\n<p>Solo se necesita aplicar una cantidad considerable sobre la palma de la mano y frotar repetidas veces sobre ellas, en los dedos y las u\u00f1as hasta que la piel absorba totalmente el producto.<\/p>\n","protected":false},"excerpt":{"rendered":"<p>El nuevo Gel Antibacterial LANDER te protege gracias a su exclusiva formula con 63% de Alcohol. Elimina el 99% de las bacterias y no deja sensaci\u00f3n pegajosa en tus manos, garantizando una r\u00e1pida desinfecci\u00f3n, gracias a su acci\u00f3n desinfectante y antis\u00e9ptica comprobada. No posee Triclosan. INSTRUCCIONES DE USO: El Gel Antibacterial de LANDER es de&hellip;<\/p>\n","protected":false},"featured_media":48669,"template":"","meta":[],"product_brand":[],"product_cat":[245],"product_tag":[],"class_list":{"0":"post-48895","1":"product","2":"type-product","3":"status-publish","4":"has-post-thumbnail","6":"product_cat-higiene-personal","7":"description-off","9":"first","10":"outofstock","11":"taxable","12":"shipping-taxable","13":"product-type-variable","14":"has-default-attributes"},"_links":{"self":[{"href":"https:\/\/www.imaginoagencia.com\/clientes\/lander2025\/wp-json\/wp\/v2\/product\/48895","targetHints":{"allow":["GET"]}}],"collection":[{"href":"https:\/\/www.imaginoagencia.com\/clientes\/lander2025\/wp-json\/wp\/v2\/product"}],"about":[{"href":"https:\/\/www.imaginoagencia.com\/clientes\/lander2025\/wp-json\/wp\/v2\/types\/product"}],"wp:featuredmedia":[{"embeddable":true,"href":"https:\/\/www.imaginoagencia.com\/clientes\/lander2025\/wp-json\/wp\/v2\/media\/48669"}],"wp:attachment":[{"href":"https:\/\/www.imaginoagencia.com\/clientes\/lander2025\/wp-json\/wp\/v2\/media?parent=48895"}],"wp:term":[{"taxonomy":"product_brand","embeddable":true,"href":"https:\/\/www.imaginoagencia.com\/clientes\/lander2025\/wp-json\/wp\/v2\/product_brand?post=48895"},{"taxonomy":"product_cat","embeddable":true,"href":"https:\/\/www.imaginoagencia.com\/clientes\/lander2025\/wp-json\/wp\/v2\/product_cat?post=48895"},{"taxonomy":"product_tag","embeddable":true,"href":"https:\/\/www.imaginoagencia.com\/clientes\/lander2025\/wp-json\/wp\/v2\/product_tag?post=48895"}],"curies":[{"name":"wp","href":"https:\/\/api.w.org\/{rel}","templated":true}]}}