{"id":48876,"date":"2025-09-09T18:04:49","date_gmt":"2025-09-09T18:04:49","guid":{"rendered":"https:\/\/www.imaginoagencia.com\/clientes\/lander2025\/?post_type=product&#038;p=48876"},"modified":"2025-09-09T18:04:59","modified_gmt":"2025-09-09T18:04:59","slug":"aceite-humectante-de-cuticulalander","status":"publish","type":"product","link":"https:\/\/www.imaginoagencia.com\/clientes\/lander2025\/producto\/aceite-humectante-de-cuticulalander\/","title":{"rendered":"Aceite humectante de cut\u00edculaLANDER"},"content":{"rendered":"<ul>\n<li>Lubrica la cut\u00edcula y evita la resequedad de esta, ayudando al crecimiento de la u\u00f1a.<\/li>\n<li>Ayuda a humectar y a suavizar tu cut\u00edcula.<\/li>\n<li>Por su contenido en\u00a0<em><strong>Prote\u00edna\u00a0y Vitamina E<\/strong>\u00a0<\/em>ayuda a recupera el aspecto y textura de las u\u00f1as d\u00e9biles o quebradizas.<\/li>\n<li>Humecta y lubrica u\u00f1as y cut\u00edculas, evitando la formaci\u00f3n de padrastros y u\u00f1eros.<\/li>\n<\/ul>\n<p>El <strong>Aceite Humectante de Cut\u00edcula Lander<\/strong> te ayuda a ablandar y remover la cut\u00edcula sin causar da\u00f1o a la piel, contiene Vitamina E y prote\u00edna de origen animal, deja la epidermis suave y lubricada durante largo tiempo. Util\u00edcelo las veces que sea necesario para obtener humectaci\u00f3n permanente.<\/p>\n<h5>INSTRUCCIONES DE USO:<\/h5>\n<p>Seque la u\u00f1a previamente, luego aplica una peque\u00f1a cantidad del producto y realiza suaves masajes en cada una de tus dedos, d\u00e9jelo actuar durante la manicure.<\/p>\n<p><em>Ideal para manicure y pedicure.<\/em><\/p>\n","protected":false},"excerpt":{"rendered":"<p>Lubrica la cut\u00edcula y evita la resequedad de esta, ayudando al crecimiento de la u\u00f1a. Ayuda a humectar y a suavizar tu cut\u00edcula. Por su contenido en\u00a0Prote\u00edna\u00a0y Vitamina E\u00a0ayuda a recupera el aspecto y textura de las u\u00f1as d\u00e9biles o quebradizas. Humecta y lubrica u\u00f1as y cut\u00edculas, evitando la formaci\u00f3n de padrastros y u\u00f1eros. El&hellip;<\/p>\n","protected":false},"featured_media":48656,"template":"","meta":[],"product_brand":[],"product_cat":[243],"product_tag":[],"class_list":{"0":"post-48876","1":"product","2":"type-product","3":"status-publish","4":"has-post-thumbnail","6":"product_cat-linea-profesional-lander","7":"description-off","9":"first","10":"outofstock","11":"taxable","12":"shipping-taxable","13":"product-type-variable"},"_links":{"self":[{"href":"https:\/\/www.imaginoagencia.com\/clientes\/lander2025\/wp-json\/wp\/v2\/product\/48876","targetHints":{"allow":["GET"]}}],"collection":[{"href":"https:\/\/www.imaginoagencia.com\/clientes\/lander2025\/wp-json\/wp\/v2\/product"}],"about":[{"href":"https:\/\/www.imaginoagencia.com\/clientes\/lander2025\/wp-json\/wp\/v2\/types\/product"}],"wp:featuredmedia":[{"embeddable":true,"href":"https:\/\/www.imaginoagencia.com\/clientes\/lander2025\/wp-json\/wp\/v2\/media\/48656"}],"wp:attachment":[{"href":"https:\/\/www.imaginoagencia.com\/clientes\/lander2025\/wp-json\/wp\/v2\/media?parent=48876"}],"wp:term":[{"taxonomy":"product_brand","embeddable":true,"href":"https:\/\/www.imaginoagencia.com\/clientes\/lander2025\/wp-json\/wp\/v2\/product_brand?post=48876"},{"taxonomy":"product_cat","embeddable":true,"href":"https:\/\/www.imaginoagencia.com\/clientes\/lander2025\/wp-json\/wp\/v2\/product_cat?post=48876"},{"taxonomy":"product_tag","embeddable":true,"href":"https:\/\/www.imaginoagencia.com\/clientes\/lander2025\/wp-json\/wp\/v2\/product_tag?post=48876"}],"curies":[{"name":"wp","href":"https:\/\/api.w.org\/{rel}","templated":true}]}}